{"id":42,"date":"2023-04-08T11:15:17","date_gmt":"2023-04-08T11:15:17","guid":{"rendered":"http:\/\/ec2-15-236-52-126.eu-west-3.compute.amazonaws.com\/?page_id=42"},"modified":"2025-01-06T14:17:50","modified_gmt":"2025-01-06T14:17:50","slug":"about-us","status":"publish","type":"page","link":"https:\/\/sceneazur.com\/?page_id=42","title":{"rendered":"About Us"},"content":{"rendered":"\n<p>Nous sommes une agence bas\u00e9e \u00e0 Nice et sp\u00e9cialis\u00e9e dans la sc\u00e9nographie d&#8217;exposition pour les mus\u00e9es et d\u00e9cor de th\u00e9\u00e2tres.<\/p>\n\n\n\n<p>Nous travaillons en \u00e9troite collaboration avec nos clients pour comprendre leurs besoins sp\u00e9cifiques et cr\u00e9er des sc\u00e9nographies qui mettent en valeur les objets expos\u00e9s et l&#8217;histoire qu&#8217;ils racontent. En parall\u00e8le, nous sommes \u00e0 l&#8217;\u00e9coute des conservateurs de mus\u00e9es ou des mus\u00e9ographes pour comprendre les objectifs de chaque exposition et cr\u00e9er des designs qui traduisent spatialement le programme.<\/p>\n\n\n\n<p>Nous avons une solide exp\u00e9rience dans la conception de sc\u00e9nographies pour divers types de mus\u00e9es, y compris les mus\u00e9es d&#8217;histoire naturelle, les mus\u00e9es scientifiques, les centres d&#8217;interpr\u00e9tation et les expositions permanentes, temporaires ou itin\u00e9rantes. <\/p>\n\n\n\n<p>Nous croyons que la sc\u00e9nographie est une partie essentielle de l&#8217;exp\u00e9rience des visiteurs dans un mus\u00e9e ou exposition. Elle est tant immersive qu&#8217;engageante pour les visiteurs, en les transportant dans le monde fascinant de l&#8217;art, de l&#8217;histoire ou de la science. Elle int\u00e8gre \u00e0 la fois les derni\u00e8res technologies et les m\u00e9thodes traditionnelles de pr\u00e9sentation d&#8217;objets d&#8217;art, et de patrimoine.<\/p>\n\n\n\n<p>Nous sommes passionn\u00e9s et d\u00e9termin\u00e9s \u00e0 offrir \u00e0 nos clients les meilleurs r\u00e9ponses sc\u00e9nographiques qui refl\u00e8teront votre vision et votre histoire unique.<\/p>\n\n\n\n<div class=\"wp-block-cover\" style=\"min-height:325px;aspect-ratio:unset;\"><span aria-hidden=\"true\" class=\"wp-block-cover__background has-background-dim\"><\/span><img decoding=\"async\" class=\"wp-block-cover__image-background wp-image-258\" alt=\"\" src=\"https:\/\/sceneazur.com\/wp-content\/uploads\/2023\/09\/DSC05373-2.jpg\" data-object-fit=\"cover\"\/><div class=\"wp-block-cover__inner-container is-layout-flow wp-block-cover-is-layout-flow\">\n<p class=\"has-text-align-center has-large-font-size\">Clarisse Ambroselli<\/p>\n<\/div><\/div>\n\n\n\n<p><strong>CV<\/strong><em>&#8211; lire ci dessous<\/em><\/p>\n\n\n\n\n\n\n\n<p><strong>PRIX<\/strong><\/p>\n\n\n\n<p>2022. Prix National MAGNA 2022 Museums &amp; Galleries National Awards pour l\u2019exposition <strong>Unsettled<\/strong> \u00e0 l\u2019Australian Museum, Sydney<\/p>\n\n\n\n<p>2022. Laur\u00e9at de l\u2019exposition temporaire et design for <strong>Unsettled<\/strong> \u00e0 Australian Museum. Prix de l\u2019AGDA (Australian Graphic Design Association)<\/p>\n\n\n\n<p>2021. Prix IMAGinE pour l\u2019exposition <strong>Unsettled<\/strong> in Large Museums \u00e0 l&#8217;Australian Museum.<\/p>\n\n\n\n<p>2018. Prix IMAGinE de l\u2019exposition temporaire <strong>Gadi<\/strong> \u00e0 l\u2019Australian Museum par MGNSW (Museums &amp; Galleries of New South Wales).<\/p>\n\n\n\n<p>2019. Prix National MAGNA 2019 (Museums &amp; Galleries National Awards) et laur\u00e9at de l\u2019AMaGA (Australian Museums &amp; Galleries association) pour l\u2019exposition <strong>Gadi<\/strong>.<\/p>\n\n\n\n<p>2005. Laur\u00e9ate du Comit\u00e9 Colbert, Prix des Espoirs de la Cr\u00e9ation. Conception d\u2019un bol en porcelaine <strong>O&#8217;Bodoni<\/strong> \u00e0 la Manufacture Nationale de S\u00e8vres, Exposition \u00e0 la FIAC 2006, Cour Carr\u00e9e du Louvre, Paris.<\/p>\n\n\n\n<p><strong>PARCOURS<\/strong><\/p>\n\n\n\n<p>2006. Dipl\u00f4m\u00e9e de l\u2019<strong>Ecole Camondo<\/strong>, Architecture d\u2019Int\u00e9rieur et Design d\u2019Objet, Paris XIVe.<\/p>\n\n\n\n<p>1998-2009. Dipl\u00f4m\u00e9e en Orgue au Conservatoire Sup\u00e9rieur de Musique avec Helga Schauerte, Paris IXe.<\/p>\n\n\n\n<p>2007-2012. <strong>Agence SCENE<\/strong>, Paris.&nbsp;<\/p>\n\n\n\n<p>2013- 2016. 3D Designer \u00e0<strong> FRD<\/strong> <strong>Freeman Ryan Design<\/strong>, Sydney<\/p>\n\n\n\n<p>2016- 2022. 3D Designer \u00e0 l\u2019 <strong>Australian Museum Design studio<\/strong>, Sydney<\/p>\n\n\n\n<p>2023-24. Cr\u00e9ation<strong> Scene Azur<\/strong>&#8211; Ind\u00e9pendante chez <strong>Agence Griesmar Architectes<\/strong>, Nice.<\/p>\n\n\n\n<p>Chef de projet chez <strong>Scen\u00e9volution<\/strong>, Paris<\/p>\n\n\n\n<p><strong>EXPERIENCES PROFESSIONELLES<\/strong><\/p>\n\n\n\n<p>2023. Assistance \u00e0 l&#8217;architecte. Gestion d&#8217;\u00e9quipe, clients et bureaux d&#8217;\u00e9tudes. V\u00e9rification de l&#8217;application des contraintes r\u00e9glementaires, des d\u00e9p\u00f4ts de permis et modifications n\u00e9cessaires \u00e0 l&#8217;obtention des permis modificatifs. Concours d\u2019extension d&#8217;\u00e9cole \u00e0 la Roquette sur Siagne.<\/p>\n\n\n\n<p>2021-2022. Conception 3D de <strong>Future Now<\/strong>, exposition itin\u00e9rante en partenariat avec Stockland ax\u00e9e sur les solutions climatiques. D\u00e9veloppement de contenu avec Jenny Newell, conception de trois structures mobiles et cr\u00e9ation de maquettes.<\/p>\n\n\n\n<p>2021. Sc\u00e9nographie pour <strong>Australian Geographic Nature Photographer of the Year<\/strong> (AGNPY), Australian Museum.<\/p>\n\n\n\n<p>2020-2021. Conception 3D sur l\u2019exposition temporaire <strong>Unsettled<\/strong>, Australian Museum. Conception et d\u00e9veloppement du contenu avec les conservateurs des Premi\u00e8res Nations jusqu\u2019\u00e0 la production finale et l\u2019installation.<\/p>\n\n\n\n<p>2019. Conception 3D et installation permanente de <strong>Mahn<\/strong> -femmes p\u00eacheuses dans la galerie des Premi\u00e8res Nations, Australian Museum avec la collection Fisherwomen Gadigal.<\/p>\n\n\n\n<p>2017-2018. Conception 3D de l\u2019exposition temporaire<strong> Gadi<\/strong>, Australian Museum. De la conception \u00e0 la production.<\/p>\n\n\n\n<p>R\u00e9novation\/conception 3D des espaces <strong>Search and Discover et Kidspace<\/strong>, Australian Museum.<\/p>\n\n\n\n<p>Nouvelle installation pour les masques <strong>Asaro Mud<\/strong>, collection Papouasie-Nouvelle-Guin\u00e9e.<\/p>\n\n\n\n<p>2016. <strong>Australian Geographic Nature Photographer of the Year<\/strong> (AGNPY), Australian Museum<\/p>\n\n\n\n<p>2014 <strong>Science of Flight Museum<\/strong>, Caroline du Nord. Application iPad. Mod\u00e9lisation 3D et time lapse d\u2019un avion Cessna mod\u00e8le 170 pour une application \u00e9ducative &#8211; Installation sur le chantier du <strong>Australian Army Museum of Military Engineering<\/strong>, Moorebank Sydney.<\/p>\n\n\n\n<p>2013-2014. Conception 3D sur diff\u00e9rents projets <strong>State Library of NSW<\/strong> &#8211; Ningaloo Center, Exmouth<\/p>\n\n\n\n<p>Vues anim\u00e9es 3D pour<strong> Perkins South Institute Medical Research<\/strong>, Perth &#8211; Vues 3D et \u00e9tudes d\u2019un espace de performance pour Barangaroo, Sydney &#8211; Vues 3D pour <strong>V By Crown<\/strong>, Parramatta Sydney &#8211; Conception 3D pour la soci\u00e9t\u00e9 <strong>UES<\/strong>, Alexandrie.<\/p>\n\n\n\n<p>2013-14. Sc\u00e9nographe b\u00e9n\u00e9vole dans les pi\u00e8ces <strong>Enron<\/strong> et <strong>Why torture is wrong<\/strong> au NewTheatre, Newtown-Sydney. Metteur en sc\u00e8ne : Louise Fischer.<\/p>\n\n\n\n<p>2012. Travaux de supervision de chantier sur le projet <strong>Al\u00e9sia Mus\u00e9oparc<\/strong>, Centre d\u2019interpr\u00e9tation. Conseil G\u00e9n\u00e9ral de la C\u00f4te d\u2019Or, France. Architecte Bernard Tschumi.<\/p>\n\n\n\n<p>2011-2012. Chef de projet sur la sc\u00e9nographie du <strong>Mus\u00e9e de Fromelles<\/strong>, Nord-Pas-de-Calais, France.<\/p>\n\n\n\n<p>Gouvernement australien. Architecte Serero.<\/p>\n\n\n\n<p>2011-2012. Chef de projet sur la sc\u00e9nographie du <strong>Mus\u00e9e de la Mine Couriot<\/strong>, Saint Etienne. Architect- es Gautier Conquet.<\/p>\n\n\n\n<p>2011 Sc\u00e9nographe, figurant et machiniste avec Guy-Claude Fran\u00e7ois dans la pi\u00e8ce <strong>Madame sans G\u00eane<\/strong> au Th\u00e9\u00e2tre Antoine, Paris. En direct sur France2. Metteur en sc\u00e8ne : Alain Sachs.<\/p>\n\n\n\n<p>2009 Architecte d\u2019int\u00e9rieur, recherche mat\u00e9riaux et suivi d\u2019installation sur la sc\u00e9nographie de l&#8217;exposition&nbsp;<\/p>\n\n\n\n<p><strong>6 Milliards d\u2019 Autres<\/strong> de Yann Arthus Bertrand, Grand Palais- Paris.<\/p>\n\n\n\n<p>2007-2009. Assistante de conception sur l\u2019am\u00e9nagement int\u00e9rieur du <strong>Mus\u00e9e du G\u00e9nie Militaire<\/strong>, Maine et Loire, Angers.<\/p>\n\n\n\n<p><strong>QUALIT\u00c9S TECHNIQUES ET CR\u00c9ATIVES<\/strong><\/p>\n\n\n\n<p>Vectorworks, Autocad, In design, Illustrator, Photoshop, Sketchup 3D, Word, Excel.<\/p>\n\n\n\n<p>Peinture \u00e0 l&#8217;huile, Aquarelle, Dessin, Perspective (Exposition Mars 2016, Randwick) Carnets de voyage Asie, Nouvelle Cal\u00e9donie, Australie, Nouvelle Z\u00e9lande<\/p>\n\n\n\n<p>Orgue et piano. Concerts Trio.org, Chancelade Abbaye, Maubeuge, Paris, Deauville, Bretagne, Normandie. Holyvox.org, Australia Sydney Mosman, Coogee St Nicolas Church..<\/p>\n\n\n\n<p><\/p>\n","protected":false},"excerpt":{"rendered":"<p>Nous sommes une agence bas\u00e9e \u00e0 Nice et sp\u00e9cialis\u00e9e dans la sc\u00e9nographie d&#8217;exposition pour les mus\u00e9es et d\u00e9cor de th\u00e9\u00e2tres. Nous travaillons en \u00e9troite collaboration avec nos clients pour comprendre leurs besoins sp\u00e9cifiques et cr\u00e9er des sc\u00e9nographies qui mettent en valeur les objets expos\u00e9s et l&#8217;histoire qu&#8217;ils racontent. En parall\u00e8le, nous sommes \u00e0 l&#8217;\u00e9coute des [&hellip;]<\/p>\n","protected":false},"author":1,"featured_media":0,"parent":0,"menu_order":0,"comment_status":"closed","ping_status":"closed","template":"","meta":{"footnotes":""},"class_list":["post-42","page","type-page","status-publish","hentry"],"_links":{"self":[{"href":"https:\/\/sceneazur.com\/index.php?rest_route=\/wp\/v2\/pages\/42","targetHints":{"allow":["GET"]}}],"collection":[{"href":"https:\/\/sceneazur.com\/index.php?rest_route=\/wp\/v2\/pages"}],"about":[{"href":"https:\/\/sceneazur.com\/index.php?rest_route=\/wp\/v2\/types\/page"}],"author":[{"embeddable":true,"href":"https:\/\/sceneazur.com\/index.php?rest_route=\/wp\/v2\/users\/1"}],"replies":[{"embeddable":true,"href":"https:\/\/sceneazur.com\/index.php?rest_route=%2Fwp%2Fv2%2Fcomments&post=42"}],"version-history":[{"count":16,"href":"https:\/\/sceneazur.com\/index.php?rest_route=\/wp\/v2\/pages\/42\/revisions"}],"predecessor-version":[{"id":435,"href":"https:\/\/sceneazur.com\/index.php?rest_route=\/wp\/v2\/pages\/42\/revisions\/435"}],"wp:attachment":[{"href":"https:\/\/sceneazur.com\/index.php?rest_route=%2Fwp%2Fv2%2Fmedia&parent=42"}],"curies":[{"name":"wp","href":"https:\/\/api.w.org\/{rel}","templated":true}]}}